{"id":40125,"date":"2025-11-28T08:35:00","date_gmt":"2025-11-28T07:35:00","guid":{"rendered":"https:\/\/motorclub80.cat\/historico-triales\/"},"modified":"2025-11-28T08:54:20","modified_gmt":"2025-11-28T07:54:20","slug":"historico-triales","status":"publish","type":"page","link":"https:\/\/motorclub80.cat\/es\/historico-triales\/","title":{"rendered":"Hist\u00f3rico triales"},"content":{"rendered":"<p>[et_pb_section fb_built=\u00bb1&#8243; admin_label=\u00bbHeader\u00bb _builder_version=\u00bb4.27.4&#8243; _module_preset=\u00bbdefault\u00bb background_color=\u00bb#E87511&#8243; custom_padding=\u00bb||150px||false|false\u00bb collapsed=\u00bbon\u00bb global_colors_info=\u00bb{}\u00bb][et_pb_row custom_padding_last_edited=\u00bbon|desktop\u00bb _builder_version=\u00bb4.23.1&#8243; _module_preset=\u00bbdefault\u00bb custom_padding=\u00bb40px|40px|40px|40px|true|true\u00bb custom_padding_tablet=\u00bb30px|30px|30px|30px|true|true\u00bb custom_padding_phone=\u00bb20px|20px|20px|20px|true|true\u00bb border_width_all=\u00bb2px\u00bb border_color_all=\u00bbgcid-44a2432d-0d5f-4936-b18e-1d8ff0643d31&#8243; global_colors_info=\u00bb{%22gcid-44a2432d-0d5f-4936-b18e-1d8ff0643d31%22:%91%22border_color_all%22%93}\u00bb][et_pb_column type=\u00bb4_4&#8243; _builder_version=\u00bb4.23.1&#8243; _module_preset=\u00bbdefault\u00bb global_colors_info=\u00bb{}\u00bb][et_pb_text _builder_version=\u00bb4.27.4&#8243; _module_preset=\u00bb7cefcf82-3c56-4658-aaa8-5eef53c0d563&#8243; header_font=\u00bb|700|||||||\u00bb header_text_color=\u00bbgcid-44a2432d-0d5f-4936-b18e-1d8ff0643d31&#8243; header_font_size=\u00bb60px\u00bb text_orientation=\u00bbcenter\u00bb custom_margin=\u00bb||10px||false|false\u00bb global_colors_info=\u00bb{%22gcid-44a2432d-0d5f-4936-b18e-1d8ff0643d31%22:%91%22header_text_color%22%93}\u00bb]<\/p>\n<h1>\u00daltimos hist\u00f3ricos de triales del MotorClub 80<\/h1>\n<p>[\/et_pb_text][et_pb_text _builder_version=\u00bb4.27.4&#8243; _module_preset=\u00bbdefault\u00bb text_font=\u00bb||||||||\u00bb text_text_color=\u00bbgcid-44a2432d-0d5f-4936-b18e-1d8ff0643d31&#8243; text_orientation=\u00bbcenter\u00bb custom_padding=\u00bb|70px||70px||\u00bb global_colors_info=\u00bb{%22gcid-44a2432d-0d5f-4936-b18e-1d8ff0643d31%22:%91%22text_text_color%22,%22text_text_color%22%93}\u00bb]<\/p>\n<p data-start=\"185\" data-end=\"509\">Bienvenidos al blog del <strong data-start=\"208\" data-end=\"224\">MotorClub 80<\/strong>, el espacio donde compartimos todo lo que hace mayor nuestra pasi\u00f3n por el <strong data-start=\"287\" data-end=\"316\">trial de motos cl\u00e1sicas<\/strong>. Aqu\u00ed encontrar\u00e1s los <strong data-start=\"339\" data-end=\"390\">res\u00famenes de las \u00faltimas ediciones del Trial 2D&#8217;All<\/strong>, cr\u00f3nicas llenas de momentos destacados, an\u00e9cdotas de pilotos e instant\u00e1neas que capturan la esencia de cada recorrido.<\/p>\n<p data-start=\"511\" data-end=\"834\">Adem\u00e1s, tambi\u00e9n publicamos contenidos sobre otras actividades y pruebas que organiza el club: encuentros, rutas, jornadas t\u00e9cnicas y todo lo que mantiene viva la cultura del trial cl\u00e1sico. Tanto si formas parte de nuestra familia trialera como si simplemente quieres descubrir qu\u00e9 nos mueve, \u00e9ste es tu sitio para mantenerte al d\u00eda. <\/p>\n<p data-start=\"836\" data-end=\"987\" data-is-last-node=\"\" data-is-only-node=\"\">Disfruta de las historias, revive las emociones y sigue de cerca todo lo que ocurre en el MotorClub 80. Cada art\u00edculo es una ventana abierta a nuestro mundo.<\/p>\n<p>[\/et_pb_text][\/et_pb_column][\/et_pb_row][\/et_pb_section][et_pb_section fb_built=\u00bb1&#8243; admin_label=\u00bbBlog\u00bb _builder_version=\u00bb4.23.1&#8243; _module_preset=\u00bbdefault\u00bb background_color=\u00bbgcid-44a2432d-0d5f-4936-b18e-1d8ff0643d31&#8243; collapsed=\u00bbon\u00bb global_colors_info=\u00bb{%22gcid-44a2432d-0d5f-4936-b18e-1d8ff0643d31%22:%91%22background_color%22%93}\u00bb][et_pb_row _builder_version=\u00bb4.23.1&#8243; _module_preset=\u00bbdefault\u00bb custom_margin=\u00bb-150px||||false|false\u00bb global_colors_info=\u00bb{}\u00bb][et_pb_column type=\u00bb4_4&#8243; _builder_version=\u00bb4.23.1&#8243; _module_preset=\u00bbdefault\u00bb global_colors_info=\u00bb{}\u00bb][et_pb_blog fullwidth=\u00bboff\u00bb posts_number=\u00bb9&#8243; show_more=\u00bbon\u00bb show_author=\u00bboff\u00bb masonry_tile_background_color=\u00bbRGBA(255,255,255,0)\u00bb _builder_version=\u00bb4.27.4&#8243; _module_preset=\u00bbdefault\u00bb header_font=\u00bbIstok Web|700|||||||\u00bb meta_font=\u00bbIstok Web|700||on|||||\u00bb meta_text_color=\u00bbgcid-8132e9a1-5601-48e8-a87f-bb0687a07930&#8243; meta_font_size=\u00bb14px\u00bb meta_line_height=\u00bb1.4em\u00bb read_more_font=\u00bbIstok Web|700||on|||||\u00bb read_more_text_color=\u00bbgcid-8132e9a1-5601-48e8-a87f-bb0687a07930&#8243; pagination_font=\u00bbIstok Web|700|||||||\u00bb pagination_text_color=\u00bbgcid-329bf2a0-2bc9-40c4-96ad-cacaec2a4af6&#8243; pagination_font_size=\u00bb19px\u00bb pagination_font_size_tablet=\u00bb16px\u00bb pagination_font_size_phone=\u00bb14px\u00bb pagination_font_size_last_edited=\u00bbon|desktop\u00bb border_width_all=\u00bb0px\u00bb border_radii_image=\u00bbon|10px|10px|10px|10px\u00bb locked=\u00bboff\u00bb global_colors_info=\u00bb{%22gcid-8132e9a1-5601-48e8-a87f-bb0687a07930%22:%91%22meta_text_color%22,%22read_more_text_color%22%93,%22gcid-329bf2a0-2bc9-40c4-96ad-cacaec2a4af6%22:%91%22pagination_text_color%22%93}\u00bb][\/et_pb_blog][\/et_pb_column][\/et_pb_row][\/et_pb_section][et_pb_section fb_built=\u00bb1&#8243; admin_label=\u00bbCall to Action\u00bb _builder_version=\u00bb4.27.4&#8243; _module_preset=\u00bbdefault\u00bb background_enable_color=\u00bboff\u00bb background_image=\u00bbhttps:\/\/motorclub80.cat\/wp-content\/uploads\/2023\/02\/2dall2023-portada.jpg\u00bb parallax=\u00bbon\u00bb custom_padding=\u00bb||372px|||\u00bb collapsed=\u00bbon\u00bb global_colors_info=\u00bb{%22gcid-44a2432d-0d5f-4936-b18e-1d8ff0643d31%22:%91%22background_color%22%93}\u00bb][\/et_pb_section][et_pb_section fb_built=\u00bb1&#8243; custom_padding_last_edited=\u00bbon|desktop\u00bb _builder_version=\u00bb3.22.3&#8243; custom_padding=\u00bb-20px||-20px|\u00bb custom_padding_tablet=\u00bb\u00bb custom_padding_phone=\u00bb\u00bb transparent_background=\u00bboff\u00bb global_module=\u00bb34508&#8243; saved_tabs=\u00bball\u00bb global_colors_info=\u00bb{}\u00bb][et_pb_row column_padding_mobile=\u00bbon\u00bb _builder_version=\u00bb4.16&#8243; background_size=\u00bbinitial\u00bb background_position=\u00bbtop_left\u00bb background_repeat=\u00bbrepeat\u00bb max_width=\u00bb980px\u00bb custom_margin=\u00bb-30px||-20px|\u00bb use_custom_width=\u00bbon\u00bb custom_width_px=\u00bb980px\u00bb global_colors_info=\u00bb{}\u00bb][et_pb_column type=\u00bb4_4&#8243; _builder_version=\u00bb4.16&#8243; custom_padding=\u00bb|||\u00bb global_colors_info=\u00bb{}\u00bb custom_padding__hover=\u00bb|||\u00bb][et_pb_divider color=\u00bb#999999&#8243; _builder_version=\u00bb4.19.5&#8243; custom_margin=\u00bb-30px|||\u00bb global_colors_info=\u00bb{}\u00bb][\/et_pb_divider][et_pb_text _builder_version=\u00bb4.27.4&#8243; text_font=\u00bbMontserrat|700|||||||\u00bb text_text_color=\u00bb#e87511&#8243; header_font=\u00bb|700|||||||\u00bb header_text_align=\u00bbcenter\u00bb header_text_color=\u00bb#e87511&#8243; border_color_all=\u00bb#ffffff\u00bb border_style_all=\u00bbsolid\u00bb use_border_color=\u00bboff\u00bb border_color=\u00bb#ffffff\u00bb border_style=\u00bbsolid\u00bb global_colors_info=\u00bb{}\u00bb]<\/p>\n<h1>Entidades colaboradoras:<\/h1>\n<p>[\/et_pb_text][\/et_pb_column][\/et_pb_row][et_pb_row column_structure=\u00bb1_5,1_5,1_5,1_5,1_5&#8243; column_padding_mobile=\u00bbon\u00bb _builder_version=\u00bb4.16&#8243; background_size=\u00bbinitial\u00bb background_position=\u00bbtop_left\u00bb background_repeat=\u00bbrepeat\u00bb max_width=\u00bb980px\u00bb custom_margin=\u00bb||-20px|\u00bb use_custom_width=\u00bbon\u00bb custom_width_px=\u00bb980px\u00bb global_colors_info=\u00bb{}\u00bb][et_pb_column type=\u00bb1_5&#8243; _builder_version=\u00bb4.16&#8243; custom_padding=\u00bb|||\u00bb global_colors_info=\u00bb{}\u00bb custom_padding__hover=\u00bb|||\u00bb][et_pb_image src=\u00bbhttps:\/\/motorclub80.cat\/wp-content\/uploads\/2021\/11\/Fruites-Diaz.jpg\u00bb title_text=\u00bbFruites Diaz\u00bb show_in_lightbox=\u00bbon\u00bb align=\u00bbcenter\u00bb align_tablet=\u00bbcenter\u00bb align_phone=\u00bb\u00bb align_last_edited=\u00bbon|desktop\u00bb admin_label=\u00bbFruites Diaz\u00bb _builder_version=\u00bb4.16&#8243; custom_margin=\u00bb|||-50px\u00bb animation_style=\u00bbfade\u00bb animation_duration=\u00bb500ms\u00bb border_color_all=\u00bb#ffffff\u00bb use_border_color=\u00bboff\u00bb border_color=\u00bb#ffffff\u00bb border_style=\u00bbsolid\u00bb animation=\u00bbfade_in\u00bb sticky=\u00bboff\u00bb always_center_on_mobile=\u00bbon\u00bb global_colors_info=\u00bb{}\u00bb][\/et_pb_image][\/et_pb_column][et_pb_column type=\u00bb1_5&#8243; _builder_version=\u00bb4.16&#8243; custom_padding=\u00bb|||\u00bb global_colors_info=\u00bb{}\u00bb custom_padding__hover=\u00bb|||\u00bb][et_pb_image src=\u00bbhttps:\/\/motorclub80.cat\/wp-content\/uploads\/2021\/11\/Sils-lubrificants-logo.jpg\u00bb title_text=\u00bbSils lubrificants logo\u00bb show_in_lightbox=\u00bbon\u00bb align=\u00bbcenter\u00bb align_tablet=\u00bbcenter\u00bb align_phone=\u00bb\u00bb align_last_edited=\u00bbon|desktop\u00bb admin_label=\u00bbSil lubricants\u00bb _builder_version=\u00bb4.16&#8243; custom_margin=\u00bb|-40px||-40px\u00bb animation_style=\u00bbfade\u00bb animation_duration=\u00bb500ms\u00bb border_color_all=\u00bb#ffffff\u00bb use_border_color=\u00bboff\u00bb border_color=\u00bb#ffffff\u00bb border_style=\u00bbsolid\u00bb animation=\u00bbfade_in\u00bb sticky=\u00bboff\u00bb always_center_on_mobile=\u00bbon\u00bb global_colors_info=\u00bb{}\u00bb][\/et_pb_image][\/et_pb_column][et_pb_column type=\u00bb1_5&#8243; _builder_version=\u00bb4.16&#8243; custom_padding=\u00bb|||\u00bb global_colors_info=\u00bb{}\u00bb custom_padding__hover=\u00bb|||\u00bb][et_pb_image src=\u00bbhttps:\/\/motorclub80.cat\/wp-content\/uploads\/2021\/11\/S3.jpg\u00bb title_text=\u00bbS3&#8243; show_in_lightbox=\u00bbon\u00bb align=\u00bbcenter\u00bb align_tablet=\u00bbcenter\u00bb align_phone=\u00bb\u00bb align_last_edited=\u00bbon|desktop\u00bb admin_label=\u00bbSil lubricants\u00bb _builder_version=\u00bb4.23.4&#8243; custom_margin=\u00bb|-40px||-40px\u00bb animation_style=\u00bbfade\u00bb animation_duration=\u00bb500ms\u00bb border_color_all=\u00bb#ffffff\u00bb use_border_color=\u00bboff\u00bb border_color=\u00bb#ffffff\u00bb border_style=\u00bbsolid\u00bb animation=\u00bbfade_in\u00bb sticky=\u00bboff\u00bb always_center_on_mobile=\u00bbon\u00bb global_colors_info=\u00bb{}\u00bb][\/et_pb_image][\/et_pb_column][et_pb_column type=\u00bb1_5&#8243; _builder_version=\u00bb4.16&#8243; custom_padding=\u00bb|||\u00bb global_colors_info=\u00bb{}\u00bb custom_padding__hover=\u00bb|||\u00bb][et_pb_image src=\u00bbhttps:\/\/motorclub80.cat\/wp-content\/uploads\/2023\/02\/Mots-Z.jpg\u00bb title_text=\u00bbMots-Z\u00bb show_in_lightbox=\u00bbon\u00bb align=\u00bbcenter\u00bb align_tablet=\u00bbcenter\u00bb align_phone=\u00bb\u00bb align_last_edited=\u00bbon|desktop\u00bb admin_label=\u00bbMots\u00bb _builder_version=\u00bb4.16&#8243; custom_margin=\u00bb|-40px||\u00bb animation_style=\u00bbfade\u00bb animation_duration=\u00bb500ms\u00bb border_color_all=\u00bb#ffffff\u00bb use_border_color=\u00bboff\u00bb border_color=\u00bb#ffffff\u00bb border_style=\u00bbsolid\u00bb animation=\u00bbfade_in\u00bb sticky=\u00bboff\u00bb always_center_on_mobile=\u00bbon\u00bb global_colors_info=\u00bb{}\u00bb][\/et_pb_image][\/et_pb_column][et_pb_column type=\u00bb1_5&#8243; _builder_version=\u00bb4.16&#8243; custom_padding=\u00bb|||\u00bb global_colors_info=\u00bb{}\u00bb custom_padding__hover=\u00bb|||\u00bb][et_pb_image src=\u00bbhttps:\/\/motorclub80.cat\/wp-content\/uploads\/2024\/01\/trialgo-logo.png\u00bb title_text=\u00bbtrialgo-logo\u00bb show_in_lightbox=\u00bbon\u00bb align=\u00bbcenter\u00bb align_tablet=\u00bbcenter\u00bb align_phone=\u00bb\u00bb align_last_edited=\u00bbon|desktop\u00bb admin_label=\u00bbGp recambios\u00bb _builder_version=\u00bb4.27.4&#8243; width=\u00bb90%\u00bb custom_margin=\u00bb22px|0px||0px|false|false\u00bb animation_style=\u00bbfade\u00bb animation_duration=\u00bb500ms\u00bb border_color_all=\u00bb#ffffff\u00bb use_border_color=\u00bboff\u00bb border_color=\u00bb#ffffff\u00bb border_style=\u00bbsolid\u00bb animation=\u00bbfade_in\u00bb sticky=\u00bboff\u00bb always_center_on_mobile=\u00bbon\u00bb global_colors_info=\u00bb{}\u00bb][\/et_pb_image][\/et_pb_column][\/et_pb_row][et_pb_row column_structure=\u00bb1_4,1_4,1_4,1_4&#8243; column_padding_mobile=\u00bbon\u00bb _builder_version=\u00bb4.16&#8243; background_size=\u00bbinitial\u00bb background_position=\u00bbtop_left\u00bb background_repeat=\u00bbrepeat\u00bb max_width=\u00bb980px\u00bb custom_margin=\u00bb||-20px|\u00bb use_custom_width=\u00bbon\u00bb custom_width_px=\u00bb980px\u00bb global_colors_info=\u00bb{}\u00bb][et_pb_column type=\u00bb1_4&#8243; _builder_version=\u00bb4.16&#8243; custom_padding=\u00bb|||\u00bb global_colors_info=\u00bb{}\u00bb custom_padding__hover=\u00bb|||\u00bb][et_pb_image src=\u00bbhttps:\/\/motorclub80.cat\/wp-content\/uploads\/2021\/11\/Grib.jpg\u00bb title_text=\u00bbGrib\u00bb show_in_lightbox=\u00bbon\u00bb align=\u00bbcenter\u00bb align_tablet=\u00bbcenter\u00bb align_phone=\u00bb\u00bb align_last_edited=\u00bbon|desktop\u00bb admin_label=\u00bbGrib\u00bb _builder_version=\u00bb4.16&#8243; custom_margin=\u00bb|-40px||-40px\u00bb animation_style=\u00bbfade\u00bb animation_duration=\u00bb500ms\u00bb border_color_all=\u00bb#ffffff\u00bb use_border_color=\u00bboff\u00bb border_color=\u00bb#ffffff\u00bb border_style=\u00bbsolid\u00bb animation=\u00bbfade_in\u00bb sticky=\u00bboff\u00bb always_center_on_mobile=\u00bbon\u00bb global_colors_info=\u00bb{}\u00bb][\/et_pb_image][\/et_pb_column][et_pb_column type=\u00bb1_4&#8243; _builder_version=\u00bb4.16&#8243; custom_padding=\u00bb|||\u00bb global_colors_info=\u00bb{}\u00bb custom_padding__hover=\u00bb|||\u00bb][et_pb_image src=\u00bbhttps:\/\/motorclub80.cat\/wp-content\/uploads\/2017\/12\/Aj-isovol-ger.jpg\u00bb show_in_lightbox=\u00bbon\u00bb align=\u00bbcenter\u00bb align_tablet=\u00bbcenter\u00bb align_phone=\u00bb\u00bb align_last_edited=\u00bbon|desktop\u00bb admin_label=\u00bbAj. Is\u00f2vol Ger\u00bb _builder_version=\u00bb4.16&#8243; custom_margin=\u00bb|-40px||-40px\u00bb animation_style=\u00bbfade\u00bb animation_duration=\u00bb500ms\u00bb border_color_all=\u00bb#ffffff\u00bb use_border_color=\u00bboff\u00bb border_color=\u00bb#ffffff\u00bb border_style=\u00bbsolid\u00bb animation=\u00bbfade_in\u00bb sticky=\u00bboff\u00bb always_center_on_mobile=\u00bbon\u00bb global_colors_info=\u00bb{}\u00bb][\/et_pb_image][\/et_pb_column][et_pb_column type=\u00bb1_4&#8243; _builder_version=\u00bb4.16&#8243; custom_padding=\u00bb|||\u00bb global_colors_info=\u00bb{}\u00bb custom_padding__hover=\u00bb|||\u00bb][et_pb_image src=\u00bbhttps:\/\/motorclub80.cat\/wp-content\/uploads\/2024\/01\/aj-meranges-bellver.jpeg\u00bb title_text=\u00bbaj-meranges-bellver\u00bb show_in_lightbox=\u00bbon\u00bb align=\u00bbcenter\u00bb align_tablet=\u00bbcenter\u00bb align_phone=\u00bb\u00bb align_last_edited=\u00bbon|desktop\u00bb admin_label=\u00bbAj. Meranges Bellver\u00bb _builder_version=\u00bb4.23.4&#8243; custom_margin=\u00bb|-40px||-40px\u00bb animation_style=\u00bbfade\u00bb animation_duration=\u00bb500ms\u00bb border_color_all=\u00bb#ffffff\u00bb use_border_color=\u00bboff\u00bb border_color=\u00bb#ffffff\u00bb border_style=\u00bbsolid\u00bb animation=\u00bbfade_in\u00bb sticky=\u00bboff\u00bb always_center_on_mobile=\u00bbon\u00bb global_colors_info=\u00bb{}\u00bb][\/et_pb_image][\/et_pb_column][et_pb_column type=\u00bb1_4&#8243; _builder_version=\u00bb4.16&#8243; custom_padding=\u00bb|||\u00bb global_colors_info=\u00bb{}\u00bb custom_padding__hover=\u00bb|||\u00bb][et_pb_image src=\u00bbhttps:\/\/motorclub80.cat\/wp-content\/uploads\/2017\/12\/federacio-moto.jpg\u00bb show_in_lightbox=\u00bbon\u00bb align=\u00bbcenter\u00bb align_tablet=\u00bbcenter\u00bb align_phone=\u00bb\u00bb align_last_edited=\u00bbon|desktop\u00bb admin_label=\u00bbFCM i RFME\u00bb _builder_version=\u00bb4.16&#8243; custom_margin=\u00bb|-40px||\u00bb animation_style=\u00bbfade\u00bb animation_duration=\u00bb500ms\u00bb border_color_all=\u00bb#ffffff\u00bb use_border_color=\u00bboff\u00bb border_color=\u00bb#ffffff\u00bb border_style=\u00bbsolid\u00bb animation=\u00bbfade_in\u00bb sticky=\u00bboff\u00bb always_center_on_mobile=\u00bbon\u00bb global_colors_info=\u00bb{}\u00bb][\/et_pb_image][\/et_pb_column][\/et_pb_row][\/et_pb_section]<\/p>\n","protected":false},"excerpt":{"rendered":"<p>\u00daltimos hist\u00f3ricos de triales del MotorClub 80Bienvenidos al blog del MotorClub 80, el espacio donde compartimos todo lo que hace mayor nuestra pasi\u00f3n por el trial de motos cl\u00e1sicas. Aqu\u00ed encontrar\u00e1s los res\u00famenes de las \u00faltimas ediciones del Trial 2D&#8217;All, cr\u00f3nicas llenas de momentos destacados, an\u00e9cdotas de pilotos e instant\u00e1neas que capturan la esencia de [&hellip;]<\/p>\n","protected":false},"author":2,"featured_media":0,"parent":0,"menu_order":0,"comment_status":"closed","ping_status":"closed","template":"","meta":{"_et_pb_use_builder":"on","_et_pb_old_content":"","_et_gb_content_width":"","footnotes":""},"class_list":["post-40125","page","type-page","status-publish","hentry"],"_links":{"self":[{"href":"https:\/\/motorclub80.cat\/es\/wp-json\/wp\/v2\/pages\/40125","targetHints":{"allow":["GET"]}}],"collection":[{"href":"https:\/\/motorclub80.cat\/es\/wp-json\/wp\/v2\/pages"}],"about":[{"href":"https:\/\/motorclub80.cat\/es\/wp-json\/wp\/v2\/types\/page"}],"author":[{"embeddable":true,"href":"https:\/\/motorclub80.cat\/es\/wp-json\/wp\/v2\/users\/2"}],"replies":[{"embeddable":true,"href":"https:\/\/motorclub80.cat\/es\/wp-json\/wp\/v2\/comments?post=40125"}],"version-history":[{"count":4,"href":"https:\/\/motorclub80.cat\/es\/wp-json\/wp\/v2\/pages\/40125\/revisions"}],"predecessor-version":[{"id":40141,"href":"https:\/\/motorclub80.cat\/es\/wp-json\/wp\/v2\/pages\/40125\/revisions\/40141"}],"wp:attachment":[{"href":"https:\/\/motorclub80.cat\/es\/wp-json\/wp\/v2\/media?parent=40125"}],"curies":[{"name":"wp","href":"https:\/\/api.w.org\/{rel}","templated":true}]}}