{"id":30408,"date":"2019-11-18T16:39:10","date_gmt":"2019-11-18T15:39:10","guid":{"rendered":"https:\/\/motorclub80.cat\/?page_id=30408"},"modified":"2019-11-24T20:44:27","modified_gmt":"2019-11-24T19:44:27","slug":"politica-de-proteccion-de-datos","status":"publish","type":"page","link":"https:\/\/motorclub80.cat\/es\/politica-de-proteccion-de-datos\/","title":{"rendered":"Pol\u00edtica de protecci\u00f3n de datos"},"content":{"rendered":"<p>[et_pb_section fb_built=\u00bb1&#8243; _builder_version=\u00bb3.22.3&#8243;][et_pb_row _builder_version=\u00bb3.22.3&#8243; background_size=\u00bbinitial\u00bb background_position=\u00bbtop_left\u00bb background_repeat=\u00bbrepeat\u00bb][et_pb_column type=\u00bb4_4&#8243; _builder_version=\u00bb3.0.47&#8243;][et_pb_text _builder_version=\u00bb3.23.3&#8243;]<\/p>\n<div class=\"column-bg-overlay\"><strong><u>INFORMACI\u00d3N EN CUMPLIMIENTO DE LO QUE ESTABLECE LA LEY ORG\u00c1NICA DE PROTECCI\u00d3N DE DATOS DE CAR\u00c1CTER PERSONAL<\/u><\/strong><\/div>\n<div class=\"wpb_text_column wpb_content_element \">\n<div class=\"wpb_wrapper\">\n<p><strong>PRINCIPIO DE INFORMACI\u00d3N<\/strong><br \/>En cumplimiento de lo establecido en el art\u00edculo 5 de la Ley Org\u00e1nica 15\/1999, de 13 de diciembre, de protecci\u00f3n de datos de car\u00e1cter personal (en adelante, LOPD), le informamos de modo expreso, preciso e inequ\u00edvoco que los datos que facilite, as\u00ed como los que se generen durante su relaci\u00f3n con nuestra entidad, ser\u00e1n objeto de tratamiento en los ficheros responsabilidad de<strong> MotorClub 80<\/strong>, debidamente notificados al registro de la \u00abAgencia Espa\u00f1ola de Protecci\u00f3n de Datos\u00bb, con el fin del mantenimiento y cumplimiento de la relaci\u00f3n del destinatario del servicio con nuestra entidad y prestaci\u00f3n de servicios derivados de la misma.<\/p>\n<p>Asimismo, en cumplimiento de la citada LOPD y la Ley 34\/2002, de 11 de julio, de servicios de la sociedad de la informaci\u00f3n y de comercio electr\u00f3nico (en adelante, LSSI-CE), le informamos de que sus datos pueden ser utilizados con el fin de enviarle comunicaciones con informaci\u00f3n de inter\u00e9s en general y sobre el ejercicio de la profesi\u00f3n y la organizaci\u00f3n colegial en particular, a trav\u00e9s del tel\u00e9fono, el correo postal ordinario, el fax , el correo electr\u00f3nico u otros medios de comunicaci\u00f3n electr\u00f3nica equivalentes.<\/p>\n<p>Del mismo modo, se le informa que se ceder\u00e1n sus datos en todos aquellos casos en que sea necesario para el desarrollo, el cumplimiento y el control de la relaci\u00f3n con nuestra entidad y para el cumplimiento de sus fines y de todas las funciones que le sean propias, as\u00ed como en los supuestos en que lo autorice una norma con rango de ley y, en particular, cuando concurra uno de los siguientes supuestos: a) El tratamiento o la cesi\u00f3n tengan por objeto la satisfacci\u00f3n de un inter\u00e9s leg\u00edtimo del responsable del tratamiento o del cesionarios amparado por esta norma; b) El tratamiento o la cesi\u00f3n de los datos sean necesarios para que el responsable del tratamiento cumpla un deber que le imponga la norma.<\/p>\n<p><strong>PRINCIPIO DEL CONSENTIMIENTO<\/strong><br \/>El consentimiento para el tratamiento de sus datos con las finalidades descritas en el apartado anterior se entiende prestado a trav\u00e9s del marcado de las casillas correspondientes dispuestas al efecto en nuestra p\u00e1gina web.<\/p>\n<p><strong>CAR\u00c1CTER OBLIGATORIO DE LOS DATOS SOLICITADOS<\/strong><br \/>La cumplimentaci\u00f3n de todos y cada uno de los campos que aparecen en los formularios dispuestos al efecto en nuestra p\u00e1gina web tiene car\u00e1cter obligatorio (en caso contrario, los campos que tengan car\u00e1cter obligatorio aparecer\u00e1n marcados con un asterisco). La negativa a facilitar sus datos conllevar\u00eda la imposibilidad de mantener y cumplir la relaci\u00f3n del destinatario del servicio con nuestra entidad, ya que los datos son necesarios para la prestaci\u00f3n de servicios derivada de la misma.<\/p>\n<p><strong>PRINCIPIO DE CALIDAD DE LOS DATOS<\/strong><br \/>El destinatario del servicio es el \u00fanico responsable de la veracidad y la exactitud de los datos aportados, y <strong>MotorClub 80<\/strong> actuar\u00e1 de buena fe como mero prestador del servicio.<\/p>\n<p>En el supuesto de que el destinatario del servicio facilite datos falsos o de terceras personas sin que haya obtenido el consentimiento para hacerlo, responder\u00e1 personalmente de las responsabilidades derivadas de esta circunstancia ante <strong>MotorClub 80<\/strong>, los afectados o interesados, Agencia Espa\u00f1ola de protecci\u00f3n de datos y, en su defecto, de las autoridades auton\u00f3micas de protecci\u00f3n de datos.<\/p>\n<p><strong>MotorClub 80<\/strong> no recoge datos de personas menores de catorce a\u00f1os a trav\u00e9s de su p\u00e1gina web. En el caso de que una persona menor de catorce a\u00f1os facilite sus datos a trav\u00e9s de los formularios dispuestos al efecto en nuestra p\u00e1gina web o en cualquier otro canal de recogida, se destruir\u00e1n inmediatamente en el mismo momento en que se tenga noticia de esta circunstancia.<\/p>\n<p>Con el fin de cumplir lo establecido en el art\u00edculo 4.3 de la LOPD, el destinatario del servicio se compromete a comunicar a <strong>MotorClub 80<\/strong> los cambios que se produzcan respecto a sus datos, de forma que respondan con veracidad a su situaci\u00f3n actual en todo momento.<\/p>\n<p><strong>PRINCIPIO DE SEGURIDAD DE LOS DATOS<\/strong><br \/><strong>MotorClub 80 <\/strong>se compromete a cumplir su obligaci\u00f3n de secreto respecto de los datos de car\u00e1cter personal y de su deber de guardarlos, y adoptar\u00e1 todas las medidas de \u00edndole t\u00e9cnica y organizativa necesarias que garanticen la seguridad de los datos de car\u00e1cter personal y eviten su alteraci\u00f3n, p\u00e9rdida, tratamiento o acceso no autorizado, habida cuenta del estado de la tecnolog\u00eda, la naturaleza de los datos almacenados y los riesgos a que est\u00e9n expuestos, ya provengan de la acci\u00f3n humana o del medio f\u00edsico o natural, desarrolladas en el t\u00edtulo VIII del Real decreto 1720\/2007, de 21 de diciembre, por el que se aprueba el Reglamento de desarrollo de la Ley org\u00e1nica 15\/1999, de 13 de diciembre, de protecci\u00f3n de datos de car\u00e1cter personal.<\/p>\n<p><strong>EJERCICIO DE DERECHOS<\/strong><br \/>En cumplimiento de lo establecido en la LOPD y el Real Decreto 1720\/2007, de 21 de diciembre, por el que se aprueba el Reglamento de desarrollo de aquella, el destinatario del servicio puede ejercitar, en cualquier momento, sus derechos de acceso, rectificaci\u00f3n, cancelaci\u00f3n y oposici\u00f3n ante el responsable del fichero o del tratamiento, en cuyo caso debe adjuntar una fotocopia del DNI.<\/p>\n<p><strong>RESPONSABLE DEL FICHERO O DEL TRATAMIENTO<\/strong><br \/>El responsable del fichero o del tratamiento es <strong>MotorClub<\/strong><strong>\u00a080<\/strong>.<\/p>\n<\/div>\n<\/div>\n<p>[\/et_pb_text][et_pb_text _builder_version=\u00bb3.23.3&#8243;]<\/p>\n<p><strong>1. Titularidad del portal web<\/strong><br \/>Este sitio web pertenece y es gestionado por <strong>MotorClub 80<\/strong>, con domicilio en Plaza Ayuntamiento de All 17539 IS\u00d2VOL (Girona). A los efectos de lo que establece la Ley de Servicios de la Sociedad de la Informaci\u00f3n, se establece como contacto la direcci\u00f3n <a href=\"mailto:motorclub80@gmail.com\">motorclub80@gmail.com<\/a>.<\/p>\n<p><strong>2. Objecto<\/strong><br \/>Esta p\u00e1gina de Aviso Legal recoge las condiciones de uso que regulan el acceso, navegaci\u00f3n y uso de esta web, as\u00ed como las responsabilidades derivadas de la utilizaci\u00f3n, prestaci\u00f3n y \/ o contrataci\u00f3n de los productos o servicios que, en su caso, puedan ser ofrecidos, as\u00ed como de los contenidos que lo integran, y sin perjuicio de que su titular pueda establecer condiciones particulares que regulen la utilizaci\u00f3n, prestaci\u00f3n y \/ o contrataci\u00f3n de productos o servicios que, en su caso, sean ofrecidos a los Usuarios a trav\u00e9s de la web. En todo caso, estas condiciones particulares formar\u00e1n parte integrante del presente Aviso Legal. El simple acceso a este sitio web, la cumplimentaci\u00f3n de formularios, el env\u00edo de solicitudes de informaci\u00f3n, consultas, quejas, ofertas de contrataci\u00f3n, y, en general, cualquier acto de naturaleza similar a los anteriores realizados a trav\u00e9s de los formularios y \/ o buzones electr\u00f3nicos existentes en la web implicar\u00e1, por su parte, la aceptaci\u00f3n sin reservas de todas y cada una de las normas integrantes del presente Aviso legal y la adquisici\u00f3n de la consideraci\u00f3n de Usuario de la web. En consecuencia, se debe leer atentamente y conocer el contenido del presente Aviso Legal.<\/p>\n<p><strong>3. Responsabilidades y limitaciones<\/strong><br \/>La informaci\u00f3n contenida en esta web se proporciona a t\u00edtulo meramente ilustrativo, sin que sea exhaustiva o claramente descriptiva de las caracter\u00edsticas de nuestros servicios, ni puede por tanto formar parte de una oferta comercial ni dar lugar a reclamaci\u00f3n por estos conceptos. En este sentido, el titular no asume ninguna responsabilidad por los da\u00f1os y perjuicios que se deriven del uso de esta informaci\u00f3n.<\/p>\n<p><strong>4. Derechos de Propiedad Intelectual e Industrial<\/strong><br \/>Los contenidos de esta web est\u00e1n protegidos por la normativa sobre propiedad intelectual. Esto afecta a los textos, im\u00e1genes, v\u00eddeos, animaciones, dise\u00f1o, organizaci\u00f3n y presentaci\u00f3n, as\u00ed como el conjunto que conforman, reserv\u00e1ndose el titular de los derechos sobre los mismos. En este sentido, queda prohibido modificar, copiar, reproducir, comunicar p\u00fablicamente, transformar o distribuir de cualquier forma la totalidad o parte de los contenidos incluidos en esta web, para prop\u00f3sitos p\u00fablicos o comerciales, si no se cuenta con la autorizaci\u00f3n previa, expresa y por escrito del titular de los derechos a que corresponda. Asimismo, el logotipo constituye una marca registrada, estando prohibida su utilizaci\u00f3n en el mercado sin permiso de su titular.<\/p>\n<p><strong>5. Pol\u00edtica de Privacidad, protecci\u00f3n de datos<\/strong><br \/>Los datos facilitados a trav\u00e9s de este sitio web, o en cualquiera de las direcciones indicadas, ser\u00e1n incluidos en un fichero propiedad de <strong>MotorClub 80<\/strong>, Que ser\u00e1n utilizados para la gesti\u00f3n de las relaciones con sus clientes reales o potenciales.<br \/>Mediante el env\u00edo de estos datos por los medios anteriormente indicados, el Usuario da el consentimiento para su uso a los fines indicados. Cuando sea necesario que el Usuario se registre o facilite datos personales (como solicitar informaci\u00f3n, adquirir productos, remitir consultas, quejas o solicitudes de contrataci\u00f3n, solicitar presupuestos), la recogida y el tratamiento de sus datos personales ser\u00e1n almacenados y tratados de acuerdo con la legislaci\u00f3n sobre protecci\u00f3n de datos de car\u00e1cter personal, especialmente en la Ley Org\u00e1nica 15\/1999, de 13 de diciembre, de protecci\u00f3n de datos (LOPD) y normativa de desarrollo, aplic\u00e1ndoles las medidas y requerimientos establecidos para evitar su acceso, modificaci\u00f3n y eliminaci\u00f3n indebidas, sin que, fuera de los casos legalmente permitidos, deban ser cedidos a terceras personas o entidades sin su consentimiento.<\/p>\n<p>En cualquier caso, el Usuario podr\u00e1 ejercer sus derechos de acceso, rectificaci\u00f3n, cancelaci\u00f3n y oposici\u00f3n en relaci\u00f3n con estos datos, solicitando por escrito a las direcciones indicadas en esta web y acompa\u00f1ando fotocopia de su DNI o documento equivalente.<\/p>\n<p><strong>6. Uso de galletas<\/strong><br \/>Las cookies son ficheros enviados a un navegador por medio de un servidor web para registrar algunas actividades del usuario en el sitio web.<\/p>\n<p>Las cookies que instalamos nosotros, nuestros socios comerciales u otras partes cuando visitas este sitio web no te reconocen personalmente como individuo ni da\u00f1an el dispositivo de ninguna forma; s\u00f3lo reconocen el navegador que utilizas, te permiten acceder a diversas funciones importantes del sitio web, mantienen seguras \u00e1reas privadas del sitio web, recuerdan tus preferencias, personalizan el contenido del sitio web de manera que sea m\u00e1s pertinente para ti y nos permiten contar el n\u00famero de visitas que recibimos en cada p\u00e1gina y hacer an\u00e1lisis estad\u00edsticos an\u00f3nimos para mejorar nuestro servicio.<\/p>\n<p>Los tipos de cookies que utilizamos son proporcionadas por Google Analytics para el an\u00e1lisis de la web y estad\u00edsticas. Para activar \/ desactivar las cookies deber\u00e1s hacerlo a trav\u00e9s del navegador de Internet. Puedes configurarlo para ser avisado en pantalla de la recepci\u00f3n de cookies y aceptarlas o no individualmente as\u00ed como para impedir por defecto su instalaci\u00f3n en tu disco duro. En caso de que el navegador no acepte las cookies por defecto, tu experiencia en el sitio web puede ser limitada (por ejemplo, puede que no se muestren correctamente las im\u00e1genes).<\/p>\n<p>[\/et_pb_text][\/et_pb_column][\/et_pb_row][\/et_pb_section]<\/p>\n","protected":false},"excerpt":{"rendered":"<p>INFORMACI\u00d3N EN CUMPLIMIENTO DE LO QUE ESTABLECE LA LEY ORG\u00c1NICA DE PROTECCI\u00d3N DE DATOS DE CAR\u00c1CTER PERSONAL PRINCIPIO DE INFORMACI\u00d3NEn cumplimiento de lo establecido en el art\u00edculo 5 de la Ley Org\u00e1nica 15\/1999, de 13 de diciembre, de protecci\u00f3n de datos de car\u00e1cter personal (en adelante, LOPD), le informamos de modo expreso, preciso e inequ\u00edvoco [&hellip;]<\/p>\n","protected":false},"author":2,"featured_media":0,"parent":0,"menu_order":0,"comment_status":"closed","ping_status":"closed","template":"","meta":{"_et_pb_use_builder":"on","_et_pb_old_content":"","_et_gb_content_width":"","footnotes":""},"class_list":["post-30408","page","type-page","status-publish","hentry"],"_links":{"self":[{"href":"https:\/\/motorclub80.cat\/es\/wp-json\/wp\/v2\/pages\/30408","targetHints":{"allow":["GET"]}}],"collection":[{"href":"https:\/\/motorclub80.cat\/es\/wp-json\/wp\/v2\/pages"}],"about":[{"href":"https:\/\/motorclub80.cat\/es\/wp-json\/wp\/v2\/types\/page"}],"author":[{"embeddable":true,"href":"https:\/\/motorclub80.cat\/es\/wp-json\/wp\/v2\/users\/2"}],"replies":[{"embeddable":true,"href":"https:\/\/motorclub80.cat\/es\/wp-json\/wp\/v2\/comments?post=30408"}],"version-history":[{"count":3,"href":"https:\/\/motorclub80.cat\/es\/wp-json\/wp\/v2\/pages\/30408\/revisions"}],"predecessor-version":[{"id":31348,"href":"https:\/\/motorclub80.cat\/es\/wp-json\/wp\/v2\/pages\/30408\/revisions\/31348"}],"wp:attachment":[{"href":"https:\/\/motorclub80.cat\/es\/wp-json\/wp\/v2\/media?parent=30408"}],"curies":[{"name":"wp","href":"https:\/\/api.w.org\/{rel}","templated":true}]}}