{"id":26520,"date":"2017-12-11T14:44:38","date_gmt":"2017-12-11T14:44:38","guid":{"rendered":"https:\/\/motorclub80.cat\/avis-legal\/"},"modified":"2019-11-26T12:07:21","modified_gmt":"2019-11-26T11:07:21","slug":"aviso-legal","status":"publish","type":"page","link":"https:\/\/motorclub80.cat\/es\/aviso-legal\/","title":{"rendered":"Aviso Legal"},"content":{"rendered":"<p>[et_pb_section fb_built=\u00bb1&#8243; _builder_version=\u00bb3.22.3&#8243;][et_pb_row _builder_version=\u00bb3.22.3&#8243; background_size=\u00bbinitial\u00bb background_position=\u00bbtop_left\u00bb background_repeat=\u00bbrepeat\u00bb][et_pb_column type=\u00bb4_4&#8243; _builder_version=\u00bb3.0.47&#8243;][et_pb_text _builder_version=\u00bb3.23.3&#8243; text_font=\u00bb||||||||\u00bb header_font=\u00bb||||||||\u00bb]<\/p>\n<p><strong><u>INFORMACI\u00d3N EN CUMPLIMIENTO DE LO QUE ESTABLEICE LA LEY 34\/2002, DEL 11 DE JULIO, DE SERVICIOS DE LA SOCIEDAD DE LA INFORMACI\u00d3N Y DE COMERCIO ELECTR\u00d3NICO<\/u><\/strong><\/p>\n<p>En cumplimiento de lo que establece el articulo 10 de la Ley 34\/2002, del 11 de julio, de servicios de la sociedad de la informaci\u00f3n y de comercio electr\u00f3nico (de ahora en adelante, LSSI-CE), se informa de manera expresa, precisa y inequ\u00edvoca, tanto a los destinatarios del servicio como a los \u00f3rganos competentes, de los siguientes aspectos relativos al prestador de servicios de la sociedad de la informaci\u00f3n:<\/p>\n<div style=\"height: 10px;\">\u00a0<\/div>\n<table>\n<tbody>\n<tr>\n<td width=\"211\"><strong>NOMBRE \/ DENOMINACI\u00d3N SOCIAL<\/strong><\/td>\n<td width=\"222\">MOTORCLUB 80, Organitzaci\u00f3n sin \u00e1nimo de lucro<\/td>\n<\/tr>\n<tr>\n<td width=\"211\"><strong>CIF \/ NIF<\/strong><\/td>\n<td width=\"222\">G59805515<\/td>\n<\/tr>\n<tr>\n<td width=\"211\"><strong>ACTIVIDAD \/ OBJETO SOCIAL<\/strong><\/td>\n<td width=\"222\">Deporte<\/td>\n<\/tr>\n<tr>\n<td width=\"211\"><strong>DOMICILIO SOCIAL \/ PROFESIONAL<\/strong><\/td>\n<td width=\"222\">Pla\u00e7a Ajuntament d&#8217;All 17539 IS\u00d3VOL (Girona)<\/td>\n<\/tr>\n<tr>\n<td width=\"211\"><strong>TEL\u00c9FONO<\/strong><\/td>\n<td width=\"222\">609131305<\/td>\n<\/tr>\n<tr>\n<td width=\"211\"><strong>FAX<\/strong><\/td>\n<td width=\"222\">\u00a0<\/td>\n<\/tr>\n<tr>\n<td width=\"211\"><strong>DIRECCI\u00d3N DE CORREO ELECTR\u00d3NICO<\/strong><\/td>\n<td width=\"222\"><a href=\"mailto:motorclub80@gmail.com\">motorclub80@gmail.com<\/a><\/td>\n<\/tr>\n<tr>\n<td width=\"211\"><strong>DIRECCI\u00d3N WEB<\/strong><\/td>\n<td width=\"222\"><a href=\"https:\/\/motorclub80.cat\/es\/\">www.motorclub80.cat\/es\/<\/a><\/td>\n<\/tr>\n<tr>\n<td width=\"211\"><strong>DATOS DE INSCRIPCI\u00d3N EN EL REGISTRO MERCANTIL \/ REGISTRO P\u00daBLICO<\/strong><\/td>\n<td width=\"222\">\u00a0<\/td>\n<\/tr>\n<\/tbody>\n<\/table>\n<div style=\"height: 10px;\">\u00a0<\/div>\n<div style=\"height: 10px;\">\u00a0<\/div>\n<p><strong><u>M\u00c1S INFORMACI\u00d3N DE INTER\u00c9S PARA EL CLIENTE<\/u><\/strong><\/p>\n<p>Al hacer click en el bot\u00f3n \u00abAcepto las condiciones de compra\u00bb, el usuario acepta todos los t\u00e9rminos, condicione y puntos tractados en los documentos contenidos en los siguientes enlaces:<\/p>\n<p><a href=\"https:\/\/motorclub80.cat\/es\/politica-de-compras-y-devoluciones\/\"><strong>POL\u00cdTICA DE COMPRA Y DEVOLUCIONES<\/strong><\/a><\/p>\n<p><a href=\"https:\/\/motorclub80.cat\/es\/politica-de-proteccion-de-datos\/\"><strong>PROTECCI\u00d3N DE DATOS<\/strong><\/a><\/p>\n<p>[\/et_pb_text][\/et_pb_column][\/et_pb_row][\/et_pb_section]<\/p>\n","protected":false},"excerpt":{"rendered":"<p>INFORMACI\u00d3N EN CUMPLIMIENTO DE LO QUE ESTABLEICE LA LEY 34\/2002, DEL 11 DE JULIO, DE SERVICIOS DE LA SOCIEDAD DE LA INFORMACI\u00d3N Y DE COMERCIO ELECTR\u00d3NICO En cumplimiento de lo que establece el articulo 10 de la Ley 34\/2002, del 11 de julio, de servicios de la sociedad de la informaci\u00f3n y de comercio electr\u00f3nico [&hellip;]<\/p>\n","protected":false},"author":2,"featured_media":0,"parent":0,"menu_order":0,"comment_status":"closed","ping_status":"closed","template":"","meta":{"_et_pb_use_builder":"on","_et_pb_old_content":"","_et_gb_content_width":"","footnotes":""},"class_list":["post-26520","page","type-page","status-publish","hentry"],"_links":{"self":[{"href":"https:\/\/motorclub80.cat\/es\/wp-json\/wp\/v2\/pages\/26520","targetHints":{"allow":["GET"]}}],"collection":[{"href":"https:\/\/motorclub80.cat\/es\/wp-json\/wp\/v2\/pages"}],"about":[{"href":"https:\/\/motorclub80.cat\/es\/wp-json\/wp\/v2\/types\/page"}],"author":[{"embeddable":true,"href":"https:\/\/motorclub80.cat\/es\/wp-json\/wp\/v2\/users\/2"}],"replies":[{"embeddable":true,"href":"https:\/\/motorclub80.cat\/es\/wp-json\/wp\/v2\/comments?post=26520"}],"version-history":[{"count":12,"href":"https:\/\/motorclub80.cat\/es\/wp-json\/wp\/v2\/pages\/26520\/revisions"}],"predecessor-version":[{"id":32553,"href":"https:\/\/motorclub80.cat\/es\/wp-json\/wp\/v2\/pages\/26520\/revisions\/32553"}],"wp:attachment":[{"href":"https:\/\/motorclub80.cat\/es\/wp-json\/wp\/v2\/media?parent=26520"}],"curies":[{"name":"wp","href":"https:\/\/api.w.org\/{rel}","templated":true}]}}